{"id":3720,"date":"2025-10-31T11:03:42","date_gmt":"2025-10-31T10:03:42","guid":{"rendered":"https:\/\/www.casamartelo.es\/contacte\/"},"modified":"2022-11-02T15:25:18","modified_gmt":"2022-11-02T14:25:18","slug":"contacte","status":"publish","type":"page","link":"https:\/\/www.casamartelo.es\/ca\/contacte\/","title":{"rendered":"Contacte"},"content":{"rendered":"\t\t<div data-elementor-type=\"wp-page\" data-elementor-id=\"3720\" class=\"elementor elementor-3720 elementor-1368\">\n\t\t\t\t\t\t\t\t\t<section class=\"elementor-section elementor-top-section elementor-element elementor-element-7fee2f79 elementor-section-full_width elementor-section-height-default elementor-section-height-default\" data-id=\"7fee2f79\" data-element_type=\"section\">\n\t\t\t\t\t\t<div class=\"elementor-container elementor-column-gap-no\">\n\t\t\t\t\t<div class=\"elementor-column elementor-col-100 elementor-top-column elementor-element elementor-element-54d9007b\" data-id=\"54d9007b\" data-element_type=\"column\">\n\t\t\t<div class=\"elementor-widget-wrap elementor-element-populated\">\n\t\t\t\t\t\t\t\t<section class=\"elementor-section elementor-inner-section elementor-element elementor-element-4802fb42 elementor-section-content-middle elementor-section-boxed elementor-section-height-default elementor-section-height-default\" data-id=\"4802fb42\" data-element_type=\"section\">\n\t\t\t\t\t\t<div class=\"elementor-container elementor-column-gap-no\">\n\t\t\t\t\t<div class=\"elementor-column elementor-col-50 elementor-inner-column elementor-element elementor-element-d7d76a\" data-id=\"d7d76a\" data-element_type=\"column\" data-settings=\"{&quot;background_background&quot;:&quot;classic&quot;}\">\n\t\t\t<div class=\"elementor-widget-wrap elementor-element-populated\">\n\t\t\t\t\t\t\t\t<div class=\"elementor-element elementor-element-6d5dc20 elementor-hidden-widescreen elementor-hidden-desktop elementor-hidden-laptop elementor-hidden-tablet_extra elementor-hidden-tablet elementor-hidden-mobile_extra elementor-hidden-mobile elementor-widget elementor-widget-heading\" data-id=\"6d5dc20\" data-element_type=\"widget\" data-widget_type=\"heading.default\">\n\t\t\t\t<div class=\"elementor-widget-container\">\n\t\t\t<style>\/*! elementor - v3.8.0 - 30-10-2022 *\/\n.elementor-heading-title{padding:0;margin:0;line-height:1}.elementor-widget-heading .elementor-heading-title[class*=elementor-size-]>a{color:inherit;font-size:inherit;line-height:inherit}.elementor-widget-heading .elementor-heading-title.elementor-size-small{font-size:15px}.elementor-widget-heading .elementor-heading-title.elementor-size-medium{font-size:19px}.elementor-widget-heading .elementor-heading-title.elementor-size-large{font-size:29px}.elementor-widget-heading .elementor-heading-title.elementor-size-xl{font-size:39px}.elementor-widget-heading .elementor-heading-title.elementor-size-xxl{font-size:59px}<\/style><h2 class=\"elementor-heading-title elementor-size-default\">Posa't en contacte amb nosaltres!<\/h2>\t\t<\/div>\n\t\t\t\t<\/div>\n\t\t\t\t<div class=\"elementor-element elementor-element-cd008d8 elementor-hidden-widescreen elementor-hidden-desktop elementor-hidden-laptop elementor-hidden-tablet_extra elementor-hidden-tablet elementor-hidden-mobile_extra elementor-hidden-mobile elementor-widget elementor-widget-heading\" data-id=\"cd008d8\" data-element_type=\"widget\" data-widget_type=\"heading.default\">\n\t\t\t\t<div class=\"elementor-widget-container\">\n\t\t\t<p class=\"elementor-heading-title elementor-size-default\">Escriu-nos qualsevol dubte i et contestarem al m\u00e9s aviat possible.<\/p>\t\t<\/div>\n\t\t\t\t<\/div>\n\t\t\t\t<div class=\"elementor-element elementor-element-4b45c4c7 elementor-widget elementor-widget-shortcode\" data-id=\"4b45c4c7\" data-element_type=\"widget\" data-widget_type=\"shortcode.default\">\n\t\t\t\t<div class=\"elementor-widget-container\">\n\t\t\t\t\t<div class=\"elementor-shortcode\"><div role=\"form\" class=\"wpcf7\" id=\"wpcf7-f3781-o1\" lang=\"en-US\" dir=\"ltr\">\n<div class=\"screen-reader-response\"><p role=\"status\" aria-live=\"polite\" aria-atomic=\"true\"><\/p> <ul><\/ul><\/div>\n<form action=\"\/ca\/wp-json\/wp\/v2\/pages\/3720#wpcf7-f3781-o1\" method=\"post\" class=\"wpcf7-form init\" novalidate=\"novalidate\" data-status=\"init\">\n<div style=\"display: none;\">\n<input type=\"hidden\" name=\"_wpcf7\" value=\"3781\" \/>\n<input type=\"hidden\" name=\"_wpcf7_version\" value=\"5.6.4\" \/>\n<input type=\"hidden\" name=\"_wpcf7_locale\" value=\"en_US\" \/>\n<input type=\"hidden\" name=\"_wpcf7_unit_tag\" value=\"wpcf7-f3781-o1\" \/>\n<input type=\"hidden\" name=\"_wpcf7_container_post\" value=\"0\" \/>\n<input type=\"hidden\" name=\"_wpcf7_posted_data_hash\" value=\"\" \/>\n<\/div>\n<div class=\"section-title text-center\">\n<h2 class=\"sec-title1\">Tens algun dubte?<\/h2>\n<h3 class=\"sec-subtitle text-theme\">Contacta amb el nostre equip per a qualsevol consulta o ajuda que necessitis sobre el nostre restaurant.<\/h3>\n<\/div>\n<div class=\"contact-form contact-form-style1\">\n<div class=\"row\">\n<div class=\"col-lg-12 form-group mb-20\"><span class=\"wpcf7-form-control-wrap\" data-name=\"text-278\"><input type=\"text\" name=\"text-278\" value=\"\" size=\"40\" class=\"wpcf7-form-control wpcf7-text wpcf7-validates-as-required form-control border-shadow\" aria-required=\"true\" aria-invalid=\"false\" placeholder=\"Nom\" \/><\/span><\/div>\n<div class=\"col-lg-12 form-group mb-20\"><span class=\"wpcf7-form-control-wrap\" data-name=\"email-871\"><input type=\"email\" name=\"email-871\" value=\"\" size=\"40\" class=\"wpcf7-form-control wpcf7-text wpcf7-email wpcf7-validates-as-required wpcf7-validates-as-email form-control border-shadow\" aria-required=\"true\" aria-invalid=\"false\" placeholder=\"Email\" \/><\/span><\/div>\n<div class=\"col-12 form-group mb-20\"><span class=\"wpcf7-form-control-wrap\" data-name=\"textarea-891\"><textarea name=\"textarea-891\" cols=\"40\" rows=\"10\" class=\"wpcf7-form-control wpcf7-textarea wpcf7-validates-as-required form-control border-shadow\" aria-required=\"true\" aria-invalid=\"false\" placeholder=\"Missatge\"><\/textarea><\/span><\/div>\n<div class=\"col-12 form-group mb-0\"><button type=\"submit\" class=\"vs-btn style3 rounded-0 wpcf7-submit\">Enviar<\/button><\/div>\n<\/div>\n<\/div>\n<div class=\"wpcf7-response-output\" aria-hidden=\"true\"><\/div><\/form><\/div><\/div>\n\t\t\t\t<\/div>\n\t\t\t\t<\/div>\n\t\t\t\t\t<\/div>\n\t\t<\/div>\n\t\t\t\t<div class=\"elementor-column elementor-col-50 elementor-inner-column elementor-element elementor-element-bb18361\" data-id=\"bb18361\" data-element_type=\"column\">\n\t\t\t<div class=\"elementor-widget-wrap elementor-element-populated\">\n\t\t\t\t\t\t\t\t<div class=\"elementor-element elementor-element-5dd5aaa elementor-widget elementor-widget-heading\" data-id=\"5dd5aaa\" data-element_type=\"widget\" data-widget_type=\"heading.default\">\n\t\t\t\t<div class=\"elementor-widget-container\">\n\t\t\t<h2 class=\"elementor-heading-title elementor-size-default\">El teu restaurant de confian\u00e7a <\/h2>\t\t<\/div>\n\t\t\t\t<\/div>\n\t\t\t\t<div class=\"elementor-element elementor-element-b9019c7 elementor-widget elementor-widget-heading\" data-id=\"b9019c7\" data-element_type=\"widget\" data-widget_type=\"heading.default\">\n\t\t\t\t<div class=\"elementor-widget-container\">\n\t\t\t<p class=\"elementor-heading-title elementor-size-default\">Casa Martelo va entrar al panorama gastron\u00f2mic de Barcelona, amb la clara vocaci\u00f3 de servir al comensal una consolidada cuina de qualitat i sota la tutela de l'experi\u00e8ncia professional del xef.<\/p>\t\t<\/div>\n\t\t\t\t<\/div>\n\t\t\t\t<div class=\"elementor-element elementor-element-35fd7fa5 elementor-widget elementor-widget-heading\" data-id=\"35fd7fa5\" data-element_type=\"widget\" data-widget_type=\"heading.default\">\n\t\t\t\t<div class=\"elementor-widget-container\">\n\t\t\t<h2 class=\"elementor-heading-title elementor-size-default\">Horari obertura<\/h2>\t\t<\/div>\n\t\t\t\t<\/div>\n\t\t\t\t<div class=\"elementor-element elementor-element-2e5f56d4 elementor-widget elementor-widget-text-editor\" data-id=\"2e5f56d4\" data-element_type=\"widget\" data-widget_type=\"text-editor.default\">\n\t\t\t\t<div class=\"elementor-widget-container\">\n\t\t\t<style>\/*! elementor - v3.8.0 - 30-10-2022 *\/\n.elementor-widget-text-editor.elementor-drop-cap-view-stacked .elementor-drop-cap{background-color:#818a91;color:#fff}.elementor-widget-text-editor.elementor-drop-cap-view-framed .elementor-drop-cap{color:#818a91;border:3px solid;background-color:transparent}.elementor-widget-text-editor:not(.elementor-drop-cap-view-default) .elementor-drop-cap{margin-top:8px}.elementor-widget-text-editor:not(.elementor-drop-cap-view-default) .elementor-drop-cap-letter{width:1em;height:1em}.elementor-widget-text-editor .elementor-drop-cap{float:left;text-align:center;line-height:1;font-size:50px}.elementor-widget-text-editor .elementor-drop-cap-letter{display:inline-block}<\/style>\t\t\t\t<div class=\"contact-information-layout1\">\n<ul class=\"list-unstyled\">\n \t<li class=\"d-flex justify-content-between mb-0 mt-0\">\n<p class=\"mb-0\">De dilluns a divendres<\/p>\n<p class=\"mb-0\">7.00h AM &#8211; 1.30h AM<\/p>\n<\/li>\n \t<li class=\"d-flex justify-content-between mb-0 mt-0\">\n<p class=\"mb-0\">Dissabtes i festius<\/p>\n<p class=\"mb-0\">7.00h AM &#8211; 2.00h AM<\/p>\n<\/li>\n\n<li class=\"d-flex justify-content-between mb-0 mt-0\">\n<p class=\"mb-0\">Horari Men\u00fa de Dilluns a Domingo\n<\/p>\n<p class=\"mb-0\">13:00H a 16:00H<\/p>\n<\/li>\n<\/ul>\n<\/div>\t\t\t\t\t\t<\/div>\n\t\t\t\t<\/div>\n\t\t\t\t<div class=\"elementor-element elementor-element-545939ba elementor-widget elementor-widget-heading\" data-id=\"545939ba\" data-element_type=\"widget\" data-widget_type=\"heading.default\">\n\t\t\t\t<div class=\"elementor-widget-container\">\n\t\t\t<h2 class=\"elementor-heading-title elementor-size-default\">Estem molt a prop de l'estaci\u00f3 de Sants!<\/h2>\t\t<\/div>\n\t\t\t\t<\/div>\n\t\t\t\t<div class=\"elementor-element elementor-element-f852fd4 elementor-icon-list--layout-traditional elementor-list-item-link-full_width elementor-widget elementor-widget-icon-list\" data-id=\"f852fd4\" data-element_type=\"widget\" data-widget_type=\"icon-list.default\">\n\t\t\t\t<div class=\"elementor-widget-container\">\n\t\t\t<link rel=\"stylesheet\" href=\"https:\/\/www.casamartelo.es\/wp-content\/uploads\/elementor\/css\/custom-widget-icon-list.min.css?ver=1667846053\">\t\t<ul class=\"elementor-icon-list-items\">\n\t\t\t\t\t\t\t<li class=\"elementor-icon-list-item\">\n\t\t\t\t\t\t\t\t\t\t\t<span class=\"elementor-icon-list-icon\">\n\t\t\t\t\t\t\t<i aria-hidden=\"true\" class=\"fas fa-map-marker-alt\"><\/i>\t\t\t\t\t\t<\/span>\n\t\t\t\t\t\t\t\t\t\t<span class=\"elementor-icon-list-text\"> Calle Numancia, 12 08029 - Barcelona<\/span>\n\t\t\t\t\t\t\t\t\t<\/li>\n\t\t\t\t\t\t\t\t<li class=\"elementor-icon-list-item\">\n\t\t\t\t\t\t\t\t\t\t\t<span class=\"elementor-icon-list-icon\">\n\t\t\t\t\t\t\t<i aria-hidden=\"true\" class=\"fas fa-phone-alt\"><\/i>\t\t\t\t\t\t<\/span>\n\t\t\t\t\t\t\t\t\t\t<span class=\"elementor-icon-list-text\">93 410 68 68 - 93 419 12 22<\/span>\n\t\t\t\t\t\t\t\t\t<\/li>\n\t\t\t\t\t\t\t\t<li class=\"elementor-icon-list-item\">\n\t\t\t\t\t\t\t\t\t\t\t<span class=\"elementor-icon-list-icon\">\n\t\t\t\t\t\t\t<i aria-hidden=\"true\" class=\"fas fa-envelope\"><\/i>\t\t\t\t\t\t<\/span>\n\t\t\t\t\t\t\t\t\t\t<span class=\"elementor-icon-list-text\">casamartelo@casamartelo.es<\/span>\n\t\t\t\t\t\t\t\t\t<\/li>\n\t\t\t\t\t\t<\/ul>\n\t\t\t\t<\/div>\n\t\t\t\t<\/div>\n\t\t\t\t\t<\/div>\n\t\t<\/div>\n\t\t\t\t\t\t\t<\/div>\n\t\t<\/section>\n\t\t\t\t<section class=\"elementor-section elementor-inner-section elementor-element elementor-element-a4d3b43 elementor-section-full_width elementor-section-height-default elementor-section-height-default\" data-id=\"a4d3b43\" data-element_type=\"section\">\n\t\t\t\t\t\t<div class=\"elementor-container elementor-column-gap-no\">\n\t\t\t\t\t<div class=\"elementor-column elementor-col-100 elementor-inner-column elementor-element elementor-element-47d07c8e\" data-id=\"47d07c8e\" data-element_type=\"column\">\n\t\t\t<div class=\"elementor-widget-wrap elementor-element-populated\">\n\t\t\t\t\t\t\t\t<div class=\"elementor-element elementor-element-32c6e28d elementor-widget elementor-widget-google_maps\" data-id=\"32c6e28d\" data-element_type=\"widget\" data-widget_type=\"google_maps.default\">\n\t\t\t\t<div class=\"elementor-widget-container\">\n\t\t\t<style>\/*! elementor - v3.8.0 - 30-10-2022 *\/\n.elementor-widget-google_maps .elementor-widget-container{overflow:hidden}.elementor-widget-google_maps iframe{height:300px}<\/style>\t\t<div class=\"elementor-custom-embed\">\n\t\t\t<iframe frameborder=\"0\" scrolling=\"no\" marginheight=\"0\" marginwidth=\"0\"\n\t\t\t\t\tsrc=\"https:\/\/maps.google.com\/maps?q=Casa%20martelo&#038;t=m&#038;z=18&#038;output=embed&#038;iwloc=near\"\n\t\t\t\t\ttitle=\"Casa martelo\"\n\t\t\t\t\taria-label=\"Casa martelo\"\n\t\t\t><\/iframe>\n\t\t<\/div>\n\t\t\t\t<\/div>\n\t\t\t\t<\/div>\n\t\t\t\t\t<\/div>\n\t\t<\/div>\n\t\t\t\t\t\t\t<\/div>\n\t\t<\/section>\n\t\t\t\t\t<\/div>\n\t\t<\/div>\n\t\t\t\t\t\t\t<\/div>\n\t\t<\/section>\n\t\t\t\t\t\t\t<\/div>\n\t\t","protected":false},"excerpt":{"rendered":"<p>Posa&#8217;t en contacte amb nosaltres! Escriu-nos qualsevol dubte i et contestarem al m\u00e9s aviat possible. El teu restaurant de confian\u00e7a Casa Martelo va entrar al panorama gastron\u00f2mic de Barcelona, amb la clara vocaci\u00f3 de servir al comensal una consolidada cuina de qualitat i sota la tutela de l&#8217;experi\u00e8ncia professional del xef. Horari obertura De dilluns&#8230;<\/p>\n","protected":false},"author":1,"featured_media":0,"parent":0,"menu_order":0,"comment_status":"closed","ping_status":"closed","template":"template-builder.php","meta":{"_monsterinsights_skip_tracking":false,"_monsterinsights_sitenote_active":false,"_monsterinsights_sitenote_note":"","_monsterinsights_sitenote_category":0,"_uf_show_specific_survey":0,"_uf_disable_surveys":false,"footnotes":""},"class_list":["post-3720","page","type-page","status-publish","hentry"],"aioseo_notices":[],"yoast_head":"<!-- This site is optimized with the Yoast SEO plugin v19.9 - https:\/\/yoast.com\/wordpress\/plugins\/seo\/ -->\n<title>Contacte - Casa Martelo<\/title>\n<meta name=\"robots\" content=\"index, follow, max-snippet:-1, max-image-preview:large, max-video-preview:-1\" \/>\n<link rel=\"canonical\" href=\"https:\/\/www.casamartelo.es\/ca\/contacte\/\" \/>\n<meta property=\"og:locale\" content=\"ca_ES\" \/>\n<meta property=\"og:type\" content=\"article\" \/>\n<meta property=\"og:title\" content=\"Contacte - Casa Martelo\" \/>\n<meta property=\"og:description\" content=\"Posa&#8217;t en contacte amb nosaltres! Escriu-nos qualsevol dubte i et contestarem al m\u00e9s aviat possible. El teu restaurant de confian\u00e7a Casa Martelo va entrar al panorama gastron\u00f2mic de Barcelona, amb la clara vocaci\u00f3 de servir al comensal una consolidada cuina de qualitat i sota la tutela de l&#8217;experi\u00e8ncia professional del xef. Horari obertura De dilluns...\" \/>\n<meta property=\"og:url\" content=\"https:\/\/www.casamartelo.es\/ca\/contacte\/\" \/>\n<meta property=\"og:site_name\" content=\"Casa Martelo\" \/>\n<meta property=\"article:modified_time\" content=\"2022-11-02T14:25:18+00:00\" \/>\n<meta name=\"twitter:card\" content=\"summary_large_image\" \/>\n<meta name=\"twitter:label1\" content=\"Temps estimat de lectura\" \/>\n\t<meta name=\"twitter:data1\" content=\"1 minut\" \/>\n<script type=\"application\/ld+json\" class=\"yoast-schema-graph\">{\"@context\":\"https:\/\/schema.org\",\"@graph\":[{\"@type\":\"WebPage\",\"@id\":\"https:\/\/www.casamartelo.es\/ca\/contacte\/\",\"url\":\"https:\/\/www.casamartelo.es\/ca\/contacte\/\",\"name\":\"Contacte - Casa Martelo\",\"isPartOf\":{\"@id\":\"https:\/\/www.casamartelo.es\/#website\"},\"datePublished\":\"2025-10-31T10:03:42+00:00\",\"dateModified\":\"2022-11-02T14:25:18+00:00\",\"breadcrumb\":{\"@id\":\"https:\/\/www.casamartelo.es\/ca\/contacte\/#breadcrumb\"},\"inLanguage\":\"ca\",\"potentialAction\":[{\"@type\":\"ReadAction\",\"target\":[\"https:\/\/www.casamartelo.es\/ca\/contacte\/\"]}]},{\"@type\":\"BreadcrumbList\",\"@id\":\"https:\/\/www.casamartelo.es\/ca\/contacte\/#breadcrumb\",\"itemListElement\":[{\"@type\":\"ListItem\",\"position\":1,\"name\":\"Portada\",\"item\":\"https:\/\/www.casamartelo.es\/ca\/inici\/\"},{\"@type\":\"ListItem\",\"position\":2,\"name\":\"Contacte\"}]},{\"@type\":\"WebSite\",\"@id\":\"https:\/\/www.casamartelo.es\/#website\",\"url\":\"https:\/\/www.casamartelo.es\/\",\"name\":\"Casa Martelo\",\"description\":\"Restaurante-Cervecer\u00eda\",\"publisher\":{\"@id\":\"https:\/\/www.casamartelo.es\/#organization\"},\"potentialAction\":[{\"@type\":\"SearchAction\",\"target\":{\"@type\":\"EntryPoint\",\"urlTemplate\":\"https:\/\/www.casamartelo.es\/?s={search_term_string}\"},\"query-input\":\"required name=search_term_string\"}],\"inLanguage\":\"ca\"},{\"@type\":\"Organization\",\"@id\":\"https:\/\/www.casamartelo.es\/#organization\",\"name\":\"Casa Martelo\",\"url\":\"https:\/\/www.casamartelo.es\/\",\"logo\":{\"@type\":\"ImageObject\",\"inLanguage\":\"ca\",\"@id\":\"https:\/\/www.casamartelo.es\/#\/schema\/logo\/image\/\",\"url\":\"https:\/\/www.casamartelo.es\/wp-content\/uploads\/2022\/10\/logo-web-casa-martelo.jpg\",\"contentUrl\":\"https:\/\/www.casamartelo.es\/wp-content\/uploads\/2022\/10\/logo-web-casa-martelo.jpg\",\"width\":278,\"height\":394,\"caption\":\"Casa Martelo\"},\"image\":{\"@id\":\"https:\/\/www.casamartelo.es\/#\/schema\/logo\/image\/\"}}]}<\/script>\n<!-- \/ Yoast SEO plugin. -->","yoast_head_json":{"title":"Contacte - Casa Martelo","robots":{"index":"index","follow":"follow","max-snippet":"max-snippet:-1","max-image-preview":"max-image-preview:large","max-video-preview":"max-video-preview:-1"},"canonical":"https:\/\/www.casamartelo.es\/ca\/contacte\/","og_locale":"ca_ES","og_type":"article","og_title":"Contacte - Casa Martelo","og_description":"Posa&#8217;t en contacte amb nosaltres! Escriu-nos qualsevol dubte i et contestarem al m\u00e9s aviat possible. El teu restaurant de confian\u00e7a Casa Martelo va entrar al panorama gastron\u00f2mic de Barcelona, amb la clara vocaci\u00f3 de servir al comensal una consolidada cuina de qualitat i sota la tutela de l&#8217;experi\u00e8ncia professional del xef. Horari obertura De dilluns...","og_url":"https:\/\/www.casamartelo.es\/ca\/contacte\/","og_site_name":"Casa Martelo","article_modified_time":"2022-11-02T14:25:18+00:00","twitter_card":"summary_large_image","twitter_misc":{"Temps estimat de lectura":"1 minut"},"schema":{"@context":"https:\/\/schema.org","@graph":[{"@type":"WebPage","@id":"https:\/\/www.casamartelo.es\/ca\/contacte\/","url":"https:\/\/www.casamartelo.es\/ca\/contacte\/","name":"Contacte - Casa Martelo","isPartOf":{"@id":"https:\/\/www.casamartelo.es\/#website"},"datePublished":"2025-10-31T10:03:42+00:00","dateModified":"2022-11-02T14:25:18+00:00","breadcrumb":{"@id":"https:\/\/www.casamartelo.es\/ca\/contacte\/#breadcrumb"},"inLanguage":"ca","potentialAction":[{"@type":"ReadAction","target":["https:\/\/www.casamartelo.es\/ca\/contacte\/"]}]},{"@type":"BreadcrumbList","@id":"https:\/\/www.casamartelo.es\/ca\/contacte\/#breadcrumb","itemListElement":[{"@type":"ListItem","position":1,"name":"Portada","item":"https:\/\/www.casamartelo.es\/ca\/inici\/"},{"@type":"ListItem","position":2,"name":"Contacte"}]},{"@type":"WebSite","@id":"https:\/\/www.casamartelo.es\/#website","url":"https:\/\/www.casamartelo.es\/","name":"Casa Martelo","description":"Restaurante-Cervecer\u00eda","publisher":{"@id":"https:\/\/www.casamartelo.es\/#organization"},"potentialAction":[{"@type":"SearchAction","target":{"@type":"EntryPoint","urlTemplate":"https:\/\/www.casamartelo.es\/?s={search_term_string}"},"query-input":"required name=search_term_string"}],"inLanguage":"ca"},{"@type":"Organization","@id":"https:\/\/www.casamartelo.es\/#organization","name":"Casa Martelo","url":"https:\/\/www.casamartelo.es\/","logo":{"@type":"ImageObject","inLanguage":"ca","@id":"https:\/\/www.casamartelo.es\/#\/schema\/logo\/image\/","url":"https:\/\/www.casamartelo.es\/wp-content\/uploads\/2022\/10\/logo-web-casa-martelo.jpg","contentUrl":"https:\/\/www.casamartelo.es\/wp-content\/uploads\/2022\/10\/logo-web-casa-martelo.jpg","width":278,"height":394,"caption":"Casa Martelo"},"image":{"@id":"https:\/\/www.casamartelo.es\/#\/schema\/logo\/image\/"}}]}},"_links":{"self":[{"href":"https:\/\/www.casamartelo.es\/ca\/wp-json\/wp\/v2\/pages\/3720","targetHints":{"allow":["GET"]}}],"collection":[{"href":"https:\/\/www.casamartelo.es\/ca\/wp-json\/wp\/v2\/pages"}],"about":[{"href":"https:\/\/www.casamartelo.es\/ca\/wp-json\/wp\/v2\/types\/page"}],"author":[{"embeddable":true,"href":"https:\/\/www.casamartelo.es\/ca\/wp-json\/wp\/v2\/users\/1"}],"replies":[{"embeddable":true,"href":"https:\/\/www.casamartelo.es\/ca\/wp-json\/wp\/v2\/comments?post=3720"}],"version-history":[{"count":7,"href":"https:\/\/www.casamartelo.es\/ca\/wp-json\/wp\/v2\/pages\/3720\/revisions"}],"predecessor-version":[{"id":3827,"href":"https:\/\/www.casamartelo.es\/ca\/wp-json\/wp\/v2\/pages\/3720\/revisions\/3827"}],"wp:attachment":[{"href":"https:\/\/www.casamartelo.es\/ca\/wp-json\/wp\/v2\/media?parent=3720"}],"curies":[{"name":"wp","href":"https:\/\/api.w.org\/{rel}","templated":true}]}}