{"id":3808,"date":"2025-10-05T08:54:16","date_gmt":"2025-10-05T06:54:16","guid":{"rendered":"https:\/\/www.casamartelo.es\/politica-de-privacidad\/"},"modified":"2022-11-02T16:06:46","modified_gmt":"2022-11-02T15:06:46","slug":"politica-privacitat","status":"publish","type":"page","link":"https:\/\/www.casamartelo.es\/ca\/politica-privacitat\/","title":{"rendered":"Pol\u00edtica de privacidad"},"content":{"rendered":"\t\t<div data-elementor-type=\"wp-page\" data-elementor-id=\"3808\" class=\"elementor elementor-3808 elementor-3\">\n\t\t\t\t\t\t\t\t\t<section class=\"elementor-section elementor-top-section elementor-element elementor-element-3e724f49 elementor-section-boxed elementor-section-height-default elementor-section-height-default\" data-id=\"3e724f49\" data-element_type=\"section\">\n\t\t\t\t\t\t<div class=\"elementor-container elementor-column-gap-default\">\n\t\t\t\t\t<div class=\"elementor-column elementor-col-100 elementor-top-column elementor-element elementor-element-350f4866\" data-id=\"350f4866\" data-element_type=\"column\">\n\t\t\t<div class=\"elementor-widget-wrap elementor-element-populated\">\n\t\t\t\t\t\t\t\t<div class=\"elementor-element elementor-element-5dbbfb26 elementor-widget elementor-widget-text-editor\" data-id=\"5dbbfb26\" data-element_type=\"widget\" data-widget_type=\"text-editor.default\">\n\t\t\t\t<div class=\"elementor-widget-container\">\n\t\t\t<style>\/*! elementor - v3.8.0 - 30-10-2022 *\/\n.elementor-widget-text-editor.elementor-drop-cap-view-stacked .elementor-drop-cap{background-color:#818a91;color:#fff}.elementor-widget-text-editor.elementor-drop-cap-view-framed .elementor-drop-cap{color:#818a91;border:3px solid;background-color:transparent}.elementor-widget-text-editor:not(.elementor-drop-cap-view-default) .elementor-drop-cap{margin-top:8px}.elementor-widget-text-editor:not(.elementor-drop-cap-view-default) .elementor-drop-cap-letter{width:1em;height:1em}.elementor-widget-text-editor .elementor-drop-cap{float:left;text-align:center;line-height:1;font-size:50px}.elementor-widget-text-editor .elementor-drop-cap-letter{display:inline-block}<\/style>\t\t\t\t<p>En compliment de l&#8217;article 10 de la Llei 34\/2002 de l&#8217;11 de juliol de Serveis de la Societat de la Informaci\u00f3 i de Comer\u00e7 Electr\u00f2nic IMAS3 Online Services, SL. En qualitat de titular de la website li comunica les dades identificatives exigides per dita llei. La present informaci\u00f3 regula les condicions d&#8217;\u00fas, les limitacions de responsabilitat i les obligacions que els usuaris de la p\u00e0gina Web que es publica sota el nom del domuini www.casamartelo.es les quals els usuaris assumeixen i es comprometena\u00a0 respectar.<\/p>\t\t\t\t\t\t<\/div>\n\t\t\t\t<\/div>\n\t\t\t\t\t<\/div>\n\t\t<\/div>\n\t\t\t\t\t\t\t<\/div>\n\t\t<\/section>\n\t\t\t\t\t\t\t<\/div>\n\t\t","protected":false},"excerpt":{"rendered":"<p>En compliment de l&#8217;article 10 de la Llei 34\/2002 de l&#8217;11 de juliol de Serveis de la Societat de la Informaci\u00f3 i de Comer\u00e7 Electr\u00f2nic IMAS3 Online Services, SL. En qualitat de titular de la website li comunica les dades identificatives exigides per dita llei. La present informaci\u00f3 regula les condicions d&#8217;\u00fas, les limitacions de&#8230;<\/p>\n","protected":false},"author":1,"featured_media":0,"parent":0,"menu_order":0,"comment_status":"closed","ping_status":"open","template":"","meta":{"_monsterinsights_skip_tracking":false,"_monsterinsights_sitenote_active":false,"_monsterinsights_sitenote_note":"","_monsterinsights_sitenote_category":0,"_uf_show_specific_survey":0,"_uf_disable_surveys":false,"footnotes":""},"class_list":["post-3808","page","type-page","status-publish","hentry"],"aioseo_notices":[],"yoast_head":"<!-- This site is optimized with the Yoast SEO plugin v19.9 - https:\/\/yoast.com\/wordpress\/plugins\/seo\/ -->\n<title>Pol\u00edtica de privacidad - Casa Martelo<\/title>\n<meta name=\"robots\" content=\"index, follow, max-snippet:-1, max-image-preview:large, max-video-preview:-1\" \/>\n<link rel=\"canonical\" href=\"https:\/\/www.casamartelo.es\/ca\/politica-privacitat\/\" \/>\n<meta property=\"og:locale\" content=\"ca_ES\" \/>\n<meta property=\"og:type\" content=\"article\" \/>\n<meta property=\"og:title\" content=\"Pol\u00edtica de privacidad - Casa Martelo\" \/>\n<meta property=\"og:description\" content=\"En compliment de l&#8217;article 10 de la Llei 34\/2002 de l&#8217;11 de juliol de Serveis de la Societat de la Informaci\u00f3 i de Comer\u00e7 Electr\u00f2nic IMAS3 Online Services, SL. En qualitat de titular de la website li comunica les dades identificatives exigides per dita llei. La present informaci\u00f3 regula les condicions d&#8217;\u00fas, les limitacions de...\" \/>\n<meta property=\"og:url\" content=\"https:\/\/www.casamartelo.es\/ca\/politica-privacitat\/\" \/>\n<meta property=\"og:site_name\" content=\"Casa Martelo\" \/>\n<meta property=\"article:modified_time\" content=\"2022-11-02T15:06:46+00:00\" \/>\n<meta name=\"twitter:card\" content=\"summary_large_image\" \/>\n<meta name=\"twitter:label1\" content=\"Temps estimat de lectura\" \/>\n\t<meta name=\"twitter:data1\" content=\"1 minut\" \/>\n<script type=\"application\/ld+json\" class=\"yoast-schema-graph\">{\"@context\":\"https:\/\/schema.org\",\"@graph\":[{\"@type\":\"WebPage\",\"@id\":\"https:\/\/www.casamartelo.es\/ca\/politica-privacitat\/\",\"url\":\"https:\/\/www.casamartelo.es\/ca\/politica-privacitat\/\",\"name\":\"Pol\u00edtica de privacidad - Casa Martelo\",\"isPartOf\":{\"@id\":\"https:\/\/www.casamartelo.es\/#website\"},\"datePublished\":\"2025-10-05T06:54:16+00:00\",\"dateModified\":\"2022-11-02T15:06:46+00:00\",\"breadcrumb\":{\"@id\":\"https:\/\/www.casamartelo.es\/ca\/politica-privacitat\/#breadcrumb\"},\"inLanguage\":\"ca\",\"potentialAction\":[{\"@type\":\"ReadAction\",\"target\":[\"https:\/\/www.casamartelo.es\/ca\/politica-privacitat\/\"]}]},{\"@type\":\"BreadcrumbList\",\"@id\":\"https:\/\/www.casamartelo.es\/ca\/politica-privacitat\/#breadcrumb\",\"itemListElement\":[{\"@type\":\"ListItem\",\"position\":1,\"name\":\"Portada\",\"item\":\"https:\/\/www.casamartelo.es\/ca\/inici\/\"},{\"@type\":\"ListItem\",\"position\":2,\"name\":\"Pol\u00edtica de privacidad\"}]},{\"@type\":\"WebSite\",\"@id\":\"https:\/\/www.casamartelo.es\/#website\",\"url\":\"https:\/\/www.casamartelo.es\/\",\"name\":\"Casa Martelo\",\"description\":\"Restaurante-Cervecer\u00eda\",\"publisher\":{\"@id\":\"https:\/\/www.casamartelo.es\/#organization\"},\"potentialAction\":[{\"@type\":\"SearchAction\",\"target\":{\"@type\":\"EntryPoint\",\"urlTemplate\":\"https:\/\/www.casamartelo.es\/?s={search_term_string}\"},\"query-input\":\"required name=search_term_string\"}],\"inLanguage\":\"ca\"},{\"@type\":\"Organization\",\"@id\":\"https:\/\/www.casamartelo.es\/#organization\",\"name\":\"Casa Martelo\",\"url\":\"https:\/\/www.casamartelo.es\/\",\"logo\":{\"@type\":\"ImageObject\",\"inLanguage\":\"ca\",\"@id\":\"https:\/\/www.casamartelo.es\/#\/schema\/logo\/image\/\",\"url\":\"https:\/\/www.casamartelo.es\/wp-content\/uploads\/2022\/10\/logo-web-casa-martelo.jpg\",\"contentUrl\":\"https:\/\/www.casamartelo.es\/wp-content\/uploads\/2022\/10\/logo-web-casa-martelo.jpg\",\"width\":278,\"height\":394,\"caption\":\"Casa Martelo\"},\"image\":{\"@id\":\"https:\/\/www.casamartelo.es\/#\/schema\/logo\/image\/\"}}]}<\/script>\n<!-- \/ Yoast SEO plugin. -->","yoast_head_json":{"title":"Pol\u00edtica de privacidad - Casa Martelo","robots":{"index":"index","follow":"follow","max-snippet":"max-snippet:-1","max-image-preview":"max-image-preview:large","max-video-preview":"max-video-preview:-1"},"canonical":"https:\/\/www.casamartelo.es\/ca\/politica-privacitat\/","og_locale":"ca_ES","og_type":"article","og_title":"Pol\u00edtica de privacidad - Casa Martelo","og_description":"En compliment de l&#8217;article 10 de la Llei 34\/2002 de l&#8217;11 de juliol de Serveis de la Societat de la Informaci\u00f3 i de Comer\u00e7 Electr\u00f2nic IMAS3 Online Services, SL. En qualitat de titular de la website li comunica les dades identificatives exigides per dita llei. La present informaci\u00f3 regula les condicions d&#8217;\u00fas, les limitacions de...","og_url":"https:\/\/www.casamartelo.es\/ca\/politica-privacitat\/","og_site_name":"Casa Martelo","article_modified_time":"2022-11-02T15:06:46+00:00","twitter_card":"summary_large_image","twitter_misc":{"Temps estimat de lectura":"1 minut"},"schema":{"@context":"https:\/\/schema.org","@graph":[{"@type":"WebPage","@id":"https:\/\/www.casamartelo.es\/ca\/politica-privacitat\/","url":"https:\/\/www.casamartelo.es\/ca\/politica-privacitat\/","name":"Pol\u00edtica de privacidad - Casa Martelo","isPartOf":{"@id":"https:\/\/www.casamartelo.es\/#website"},"datePublished":"2025-10-05T06:54:16+00:00","dateModified":"2022-11-02T15:06:46+00:00","breadcrumb":{"@id":"https:\/\/www.casamartelo.es\/ca\/politica-privacitat\/#breadcrumb"},"inLanguage":"ca","potentialAction":[{"@type":"ReadAction","target":["https:\/\/www.casamartelo.es\/ca\/politica-privacitat\/"]}]},{"@type":"BreadcrumbList","@id":"https:\/\/www.casamartelo.es\/ca\/politica-privacitat\/#breadcrumb","itemListElement":[{"@type":"ListItem","position":1,"name":"Portada","item":"https:\/\/www.casamartelo.es\/ca\/inici\/"},{"@type":"ListItem","position":2,"name":"Pol\u00edtica de privacidad"}]},{"@type":"WebSite","@id":"https:\/\/www.casamartelo.es\/#website","url":"https:\/\/www.casamartelo.es\/","name":"Casa Martelo","description":"Restaurante-Cervecer\u00eda","publisher":{"@id":"https:\/\/www.casamartelo.es\/#organization"},"potentialAction":[{"@type":"SearchAction","target":{"@type":"EntryPoint","urlTemplate":"https:\/\/www.casamartelo.es\/?s={search_term_string}"},"query-input":"required name=search_term_string"}],"inLanguage":"ca"},{"@type":"Organization","@id":"https:\/\/www.casamartelo.es\/#organization","name":"Casa Martelo","url":"https:\/\/www.casamartelo.es\/","logo":{"@type":"ImageObject","inLanguage":"ca","@id":"https:\/\/www.casamartelo.es\/#\/schema\/logo\/image\/","url":"https:\/\/www.casamartelo.es\/wp-content\/uploads\/2022\/10\/logo-web-casa-martelo.jpg","contentUrl":"https:\/\/www.casamartelo.es\/wp-content\/uploads\/2022\/10\/logo-web-casa-martelo.jpg","width":278,"height":394,"caption":"Casa Martelo"},"image":{"@id":"https:\/\/www.casamartelo.es\/#\/schema\/logo\/image\/"}}]}},"_links":{"self":[{"href":"https:\/\/www.casamartelo.es\/ca\/wp-json\/wp\/v2\/pages\/3808","targetHints":{"allow":["GET"]}}],"collection":[{"href":"https:\/\/www.casamartelo.es\/ca\/wp-json\/wp\/v2\/pages"}],"about":[{"href":"https:\/\/www.casamartelo.es\/ca\/wp-json\/wp\/v2\/types\/page"}],"author":[{"embeddable":true,"href":"https:\/\/www.casamartelo.es\/ca\/wp-json\/wp\/v2\/users\/1"}],"replies":[{"embeddable":true,"href":"https:\/\/www.casamartelo.es\/ca\/wp-json\/wp\/v2\/comments?post=3808"}],"version-history":[{"count":4,"href":"https:\/\/www.casamartelo.es\/ca\/wp-json\/wp\/v2\/pages\/3808\/revisions"}],"predecessor-version":[{"id":3853,"href":"https:\/\/www.casamartelo.es\/ca\/wp-json\/wp\/v2\/pages\/3808\/revisions\/3853"}],"wp:attachment":[{"href":"https:\/\/www.casamartelo.es\/ca\/wp-json\/wp\/v2\/media?parent=3808"}],"curies":[{"name":"wp","href":"https:\/\/api.w.org\/{rel}","templated":true}]}}