{"id":3810,"date":"2025-10-02T11:57:28","date_gmt":"2025-10-02T09:57:28","guid":{"rendered":"https:\/\/www.casamartelo.es\/avis-legal\/"},"modified":"2022-11-04T19:45:49","modified_gmt":"2022-11-04T18:45:49","slug":"avis-legal","status":"publish","type":"page","link":"https:\/\/www.casamartelo.es\/ca\/avis-legal\/","title":{"rendered":"Avis Legal"},"content":{"rendered":"\t\t<div data-elementor-type=\"wp-page\" data-elementor-id=\"3810\" class=\"elementor elementor-3810 elementor-3794\">\n\t\t\t\t\t\t\t\t\t<section class=\"elementor-section elementor-top-section elementor-element elementor-element-96a840a elementor-section-boxed elementor-section-height-default elementor-section-height-default\" data-id=\"96a840a\" data-element_type=\"section\">\n\t\t\t\t\t\t<div class=\"elementor-container elementor-column-gap-default\">\n\t\t\t\t\t<div class=\"elementor-column elementor-col-100 elementor-top-column elementor-element elementor-element-c73bf1f\" data-id=\"c73bf1f\" data-element_type=\"column\">\n\t\t\t<div class=\"elementor-widget-wrap elementor-element-populated\">\n\t\t\t\t\t\t\t\t<div class=\"elementor-element elementor-element-732f3f9 elementor-widget elementor-widget-text-editor\" data-id=\"732f3f9\" data-element_type=\"widget\" data-widget_type=\"text-editor.default\">\n\t\t\t\t<div class=\"elementor-widget-container\">\n\t\t\t<style>\/*! elementor - v3.8.0 - 30-10-2022 *\/\n.elementor-widget-text-editor.elementor-drop-cap-view-stacked .elementor-drop-cap{background-color:#818a91;color:#fff}.elementor-widget-text-editor.elementor-drop-cap-view-framed .elementor-drop-cap{color:#818a91;border:3px solid;background-color:transparent}.elementor-widget-text-editor:not(.elementor-drop-cap-view-default) .elementor-drop-cap{margin-top:8px}.elementor-widget-text-editor:not(.elementor-drop-cap-view-default) .elementor-drop-cap-letter{width:1em;height:1em}.elementor-widget-text-editor .elementor-drop-cap{float:left;text-align:center;line-height:1;font-size:50px}.elementor-widget-text-editor .elementor-drop-cap-letter{display:inline-block}<\/style>\t\t\t\t<p>Garantizamos la privacidad de los datos de car\u00e1cter personal aportados, seg\u00fan el REGLAMENTO (UE) 2016\/679 de protecci\u00f3n de datos de car\u00e1cter personal.<\/p>\n<p>La visita a este website no supone que el usuario est\u00e9 obligado a facilitar ninguna informaci\u00f3n sobre s\u00ed mismo, no obstante durante la visita es posible que se soliciten datos de car\u00e1cter personal a trav\u00e9s de formularios. Dichos datos ser\u00e1n utilizados para contestar la solicitud por su parte realizada y para el env\u00edo de la misma, tambi\u00e9n ser\u00e1n utilizados para enviarles informaci\u00f3n de nuestra empresa y servicios por cualquier medio de comunicaci\u00f3n, al enviarnos dicho formulario usted est\u00e1 aceptado expl\u00edcitamente la recepci\u00f3n de los mismos, en el caso que no deseara recibir nuestra informaci\u00f3n, \u00fanicamente tendr\u00eda que enviar un correo electr\u00f3nico solicitando la baja de nuestro servicio informativo a casamartelo@casamartelo.es, sus datos personales formar\u00e1n parte del fichero clientes, cuyo destinatario y responsable del fichero y del tratamiento del mismo es:&nbsp;<span style=\"color: var(--body-color); font-family: var(--theme-font1);\">Calle Numancia, 12 08029 &#8211; Barcelona,&nbsp;<\/span><span style=\"color: var(--body-color); font-family: var(--theme-font1);\">donde podr\u00e1 ejercer los derechos de acceso, rectificaci\u00f3n, limitaci\u00f3n de tratamiento, supresi\u00f3n, portabilidad y oposici\u00f3n al tratamiento de sus datos de car\u00e1cter personal as\u00ed como revocar el consentimiento prestado, mediante escrito a la direcci\u00f3n antes indicada incluyendo copia del DNI o documento identificativo equivalente. La negativa a proporcionar los datos supondr\u00e1 la no prestaci\u00f3n o la imposibilidad de acceder al servicio para los que eran solicitados. Usted tiene derecho a recibir respuesta de cualquier pregunta, consulta o aclaraci\u00f3n que le surja derivada de este formulario.<\/span><\/p>\n<p>En el supuesto de que aporte sus datos a trav\u00e9s de un mensaje de correo electr\u00f3nico, el mismo formar\u00e1 parte del mismo fichero cuya finalidad ser\u00e1 la gesti\u00f3n de la solicitud o comentario que nos realiza, siendo aplicables el resto de extremos indicados en el p\u00e1rrafo anterior. Todos sus datos ser\u00e1n dados de baja definitivamente de nuestra base de datos por los siguientes motivos: 1\u00ba a petici\u00f3n suya 2\u00ba cuando hayan dejado de ser necesarios para los fines que motivaron su recogida.<\/p>\n<p>Las partes se someten, a su elecci\u00f3n, para la resoluci\u00f3n de los conflictos y con renuncia a cualquier otro fuero, a los juzgados y tribunales del domicilio del propietario del sitio Web.<\/p>\n<p>CONDICIONES DE USO<br>La utilizaci\u00f3n de la p\u00e1gina otorga la utilizaci\u00f3n de usuario e implica la aceptaci\u00f3n de las condiciones del aviso legal, pol\u00edtica de privacidad y condiciones de uso, si el usuario no estuviera conforme, se abstendr\u00e1 de utilizar la p\u00e1gina. El Usuario est\u00e1 obligado y se compromete a utilizar la p\u00e1gina y los contenidos de conformidad con la legislaci\u00f3n vigente, el Aviso Legal, y cualquier otro aviso contenido en esta p\u00e1gina, as\u00ed como con las normas de convivencia, la moral y buenas costumbres generalmente aceptadas.<\/p>\n<p>El Usuario se obliga y se compromete a no transmitir, difundir o poner a disposici\u00f3n de terceros cualquier contenido de la P\u00e1gina, tales como informaciones, textos, datos, contenidos, mensajes, gr\u00e1ficos, dibujos, archivos de sonido y\/o imagen, fotograf\u00edas, grabaciones, software, logotipos, marcas, iconos, tecnolog\u00eda, fotograf\u00edas, software, enlaces, dise\u00f1o gr\u00e1fico y c\u00f3digos fuente, o cualquier otro material al que tuviera acceso en su condici\u00f3n de Usuario de la P\u00e1gina, sin que esta enumeraci\u00f3n tenga car\u00e1cter limitativo.<\/p>\n<p>PROPIEDAD INTELECTUAL<br>Todas las marcas, nombres comerciales o signos distintivos de cualquier clase que aparecen en la P\u00e1gina son propiedad nuestra o, en su caso, de terceros que han autorizado su uso, sin que pueda entenderse que el uso o acceso al Portal y\/o a los Contenidos atribuya al Usuario derecho alguno sobre las citadas marcas, nombres comerciales y\/o signos distintivos, y sin que puedan entenderse cedidos al Usuario, ninguno de los derechos de explotaci\u00f3n que existen o puedan existir sobre dichos contenidos. Y no entiende cedidos ni se autoriza su utilizaci\u00f3n, en ning\u00fan caso, a los usuarios de la P\u00e1gina salvo que se obtengan dichos derechos por escrito del leg\u00edtimo titular de los mismos.<\/p>\t\t\t\t\t\t<\/div>\n\t\t\t\t<\/div>\n\t\t\t\t\t<\/div>\n\t\t<\/div>\n\t\t\t\t\t\t\t<\/div>\n\t\t<\/section>\n\t\t\t\t\t\t\t<\/div>\n\t\t","protected":false},"excerpt":{"rendered":"<p>Garantizamos la privacidad de los datos de car\u00e1cter personal aportados, seg\u00fan el REGLAMENTO (UE) 2016\/679 de protecci\u00f3n de datos de car\u00e1cter personal. La visita a este website no supone que el usuario est\u00e9 obligado a facilitar ninguna informaci\u00f3n sobre s\u00ed mismo, no obstante durante la visita es posible que se soliciten datos de car\u00e1cter personal&#8230;<\/p>\n","protected":false},"author":3,"featured_media":0,"parent":0,"menu_order":0,"comment_status":"closed","ping_status":"closed","template":"","meta":{"_monsterinsights_skip_tracking":false,"_monsterinsights_sitenote_active":false,"_monsterinsights_sitenote_note":"","_monsterinsights_sitenote_category":0,"_uf_show_specific_survey":0,"_uf_disable_surveys":false,"footnotes":""},"class_list":["post-3810","page","type-page","status-publish","hentry"],"aioseo_notices":[],"yoast_head":"<!-- This site is optimized with the Yoast SEO plugin v19.9 - https:\/\/yoast.com\/wordpress\/plugins\/seo\/ -->\n<title>Avis Legal - Casa Martelo<\/title>\n<meta name=\"robots\" content=\"index, follow, max-snippet:-1, max-image-preview:large, max-video-preview:-1\" \/>\n<link rel=\"canonical\" href=\"https:\/\/www.casamartelo.es\/ca\/avis-legal\/\" \/>\n<meta property=\"og:locale\" content=\"ca_ES\" \/>\n<meta property=\"og:type\" content=\"article\" \/>\n<meta property=\"og:title\" content=\"Avis Legal - Casa Martelo\" \/>\n<meta property=\"og:description\" content=\"Garantizamos la privacidad de los datos de car\u00e1cter personal aportados, seg\u00fan el REGLAMENTO (UE) 2016\/679 de protecci\u00f3n de datos de car\u00e1cter personal. La visita a este website no supone que el usuario est\u00e9 obligado a facilitar ninguna informaci\u00f3n sobre s\u00ed mismo, no obstante durante la visita es posible que se soliciten datos de car\u00e1cter personal...\" \/>\n<meta property=\"og:url\" content=\"https:\/\/www.casamartelo.es\/ca\/avis-legal\/\" \/>\n<meta property=\"og:site_name\" content=\"Casa Martelo\" \/>\n<meta property=\"article:modified_time\" content=\"2022-11-04T18:45:49+00:00\" \/>\n<meta name=\"twitter:card\" content=\"summary_large_image\" \/>\n<meta name=\"twitter:label1\" content=\"Temps estimat de lectura\" \/>\n\t<meta name=\"twitter:data1\" content=\"3 minuts\" \/>\n<script type=\"application\/ld+json\" class=\"yoast-schema-graph\">{\"@context\":\"https:\/\/schema.org\",\"@graph\":[{\"@type\":\"WebPage\",\"@id\":\"https:\/\/www.casamartelo.es\/ca\/avis-legal\/\",\"url\":\"https:\/\/www.casamartelo.es\/ca\/avis-legal\/\",\"name\":\"Avis Legal - Casa Martelo\",\"isPartOf\":{\"@id\":\"https:\/\/www.casamartelo.es\/#website\"},\"datePublished\":\"2025-10-02T09:57:28+00:00\",\"dateModified\":\"2022-11-04T18:45:49+00:00\",\"breadcrumb\":{\"@id\":\"https:\/\/www.casamartelo.es\/ca\/avis-legal\/#breadcrumb\"},\"inLanguage\":\"ca\",\"potentialAction\":[{\"@type\":\"ReadAction\",\"target\":[\"https:\/\/www.casamartelo.es\/ca\/avis-legal\/\"]}]},{\"@type\":\"BreadcrumbList\",\"@id\":\"https:\/\/www.casamartelo.es\/ca\/avis-legal\/#breadcrumb\",\"itemListElement\":[{\"@type\":\"ListItem\",\"position\":1,\"name\":\"Portada\",\"item\":\"https:\/\/www.casamartelo.es\/ca\/inici\/\"},{\"@type\":\"ListItem\",\"position\":2,\"name\":\"Avis Legal\"}]},{\"@type\":\"WebSite\",\"@id\":\"https:\/\/www.casamartelo.es\/#website\",\"url\":\"https:\/\/www.casamartelo.es\/\",\"name\":\"Casa Martelo\",\"description\":\"Restaurante-Cervecer\u00eda\",\"publisher\":{\"@id\":\"https:\/\/www.casamartelo.es\/#organization\"},\"potentialAction\":[{\"@type\":\"SearchAction\",\"target\":{\"@type\":\"EntryPoint\",\"urlTemplate\":\"https:\/\/www.casamartelo.es\/?s={search_term_string}\"},\"query-input\":\"required name=search_term_string\"}],\"inLanguage\":\"ca\"},{\"@type\":\"Organization\",\"@id\":\"https:\/\/www.casamartelo.es\/#organization\",\"name\":\"Casa Martelo\",\"url\":\"https:\/\/www.casamartelo.es\/\",\"logo\":{\"@type\":\"ImageObject\",\"inLanguage\":\"ca\",\"@id\":\"https:\/\/www.casamartelo.es\/#\/schema\/logo\/image\/\",\"url\":\"https:\/\/www.casamartelo.es\/wp-content\/uploads\/2022\/10\/logo-web-casa-martelo.jpg\",\"contentUrl\":\"https:\/\/www.casamartelo.es\/wp-content\/uploads\/2022\/10\/logo-web-casa-martelo.jpg\",\"width\":278,\"height\":394,\"caption\":\"Casa Martelo\"},\"image\":{\"@id\":\"https:\/\/www.casamartelo.es\/#\/schema\/logo\/image\/\"}}]}<\/script>\n<!-- \/ Yoast SEO plugin. -->","yoast_head_json":{"title":"Avis Legal - Casa Martelo","robots":{"index":"index","follow":"follow","max-snippet":"max-snippet:-1","max-image-preview":"max-image-preview:large","max-video-preview":"max-video-preview:-1"},"canonical":"https:\/\/www.casamartelo.es\/ca\/avis-legal\/","og_locale":"ca_ES","og_type":"article","og_title":"Avis Legal - Casa Martelo","og_description":"Garantizamos la privacidad de los datos de car\u00e1cter personal aportados, seg\u00fan el REGLAMENTO (UE) 2016\/679 de protecci\u00f3n de datos de car\u00e1cter personal. La visita a este website no supone que el usuario est\u00e9 obligado a facilitar ninguna informaci\u00f3n sobre s\u00ed mismo, no obstante durante la visita es posible que se soliciten datos de car\u00e1cter personal...","og_url":"https:\/\/www.casamartelo.es\/ca\/avis-legal\/","og_site_name":"Casa Martelo","article_modified_time":"2022-11-04T18:45:49+00:00","twitter_card":"summary_large_image","twitter_misc":{"Temps estimat de lectura":"3 minuts"},"schema":{"@context":"https:\/\/schema.org","@graph":[{"@type":"WebPage","@id":"https:\/\/www.casamartelo.es\/ca\/avis-legal\/","url":"https:\/\/www.casamartelo.es\/ca\/avis-legal\/","name":"Avis Legal - Casa Martelo","isPartOf":{"@id":"https:\/\/www.casamartelo.es\/#website"},"datePublished":"2025-10-02T09:57:28+00:00","dateModified":"2022-11-04T18:45:49+00:00","breadcrumb":{"@id":"https:\/\/www.casamartelo.es\/ca\/avis-legal\/#breadcrumb"},"inLanguage":"ca","potentialAction":[{"@type":"ReadAction","target":["https:\/\/www.casamartelo.es\/ca\/avis-legal\/"]}]},{"@type":"BreadcrumbList","@id":"https:\/\/www.casamartelo.es\/ca\/avis-legal\/#breadcrumb","itemListElement":[{"@type":"ListItem","position":1,"name":"Portada","item":"https:\/\/www.casamartelo.es\/ca\/inici\/"},{"@type":"ListItem","position":2,"name":"Avis Legal"}]},{"@type":"WebSite","@id":"https:\/\/www.casamartelo.es\/#website","url":"https:\/\/www.casamartelo.es\/","name":"Casa Martelo","description":"Restaurante-Cervecer\u00eda","publisher":{"@id":"https:\/\/www.casamartelo.es\/#organization"},"potentialAction":[{"@type":"SearchAction","target":{"@type":"EntryPoint","urlTemplate":"https:\/\/www.casamartelo.es\/?s={search_term_string}"},"query-input":"required name=search_term_string"}],"inLanguage":"ca"},{"@type":"Organization","@id":"https:\/\/www.casamartelo.es\/#organization","name":"Casa Martelo","url":"https:\/\/www.casamartelo.es\/","logo":{"@type":"ImageObject","inLanguage":"ca","@id":"https:\/\/www.casamartelo.es\/#\/schema\/logo\/image\/","url":"https:\/\/www.casamartelo.es\/wp-content\/uploads\/2022\/10\/logo-web-casa-martelo.jpg","contentUrl":"https:\/\/www.casamartelo.es\/wp-content\/uploads\/2022\/10\/logo-web-casa-martelo.jpg","width":278,"height":394,"caption":"Casa Martelo"},"image":{"@id":"https:\/\/www.casamartelo.es\/#\/schema\/logo\/image\/"}}]}},"_links":{"self":[{"href":"https:\/\/www.casamartelo.es\/ca\/wp-json\/wp\/v2\/pages\/3810","targetHints":{"allow":["GET"]}}],"collection":[{"href":"https:\/\/www.casamartelo.es\/ca\/wp-json\/wp\/v2\/pages"}],"about":[{"href":"https:\/\/www.casamartelo.es\/ca\/wp-json\/wp\/v2\/types\/page"}],"author":[{"embeddable":true,"href":"https:\/\/www.casamartelo.es\/ca\/wp-json\/wp\/v2\/users\/3"}],"replies":[{"embeddable":true,"href":"https:\/\/www.casamartelo.es\/ca\/wp-json\/wp\/v2\/comments?post=3810"}],"version-history":[{"count":18,"href":"https:\/\/www.casamartelo.es\/ca\/wp-json\/wp\/v2\/pages\/3810\/revisions"}],"predecessor-version":[{"id":3892,"href":"https:\/\/www.casamartelo.es\/ca\/wp-json\/wp\/v2\/pages\/3810\/revisions\/3892"}],"wp:attachment":[{"href":"https:\/\/www.casamartelo.es\/ca\/wp-json\/wp\/v2\/media?parent=3810"}],"curies":[{"name":"wp","href":"https:\/\/api.w.org\/{rel}","templated":true}]}}